{"id":21,"date":"2023-01-20T17:39:09","date_gmt":"2023-01-20T17:39:09","guid":{"rendered":"https:\/\/sistemasperuweb.com\/blog\/?page_id=21"},"modified":"2023-06-02T16:26:00","modified_gmt":"2023-06-02T21:26:00","slug":"blog-ultimas-tendencias-tecnologicas","status":"publish","type":"page","link":"https:\/\/sistemasperuweb.com\/web\/blog-ultimas-tendencias-tecnologicas\/","title":{"rendered":"Sistemas Per\u00fa Web Blog"},"content":{"rendered":"<p>[et_pb_section fb_built=\u00bb1&#8243; fullwidth=\u00bbon\u00bb _builder_version=\u00bb4.19.4&#8243; _module_preset=\u00bbdefault\u00bb global_colors_info=\u00bb{}\u00bb][et_pb_fullwidth_header title=\u00bbBlog\u00bb button_one_text=\u00bbVer contenido\u00bb button_two_text=\u00bbContactar\u00bb button_two_url=\u00bbhttps:\/\/sistemasperuweb.com\/contacto\u00bb _builder_version=\u00bb4.19.5&#8243; _module_preset=\u00bbdefault\u00bb title_font=\u00bbLato|700|||||||\u00bb title_font_size=\u00bb40px\u00bb background_enable_color=\u00bboff\u00bb background_image=\u00bbhttps:\/\/sistemasperuweb.com\/web\/wp-content\/uploads\/2023\/03\/wordpressbanner.jpg\u00bb custom_button_one=\u00bbon\u00bb button_one_text_color=\u00bb#053e7f\u00bb button_one_bg_color=\u00bb#FFFFFF\u00bb button_one_border_width=\u00bb0px\u00bb button_one_font=\u00bbLato|700|||||||\u00bb button_one_use_icon=\u00bboff\u00bb custom_button_two=\u00bbon\u00bb button_two_text_color=\u00bb#053e7f\u00bb button_two_bg_color=\u00bb#FFFFFF\u00bb button_two_border_width=\u00bb0px\u00bb button_two_font=\u00bbLato|700|||||||\u00bb button_two_icon=\u00bb&#x24;||divi||400&#8243; button_two_on_hover=\u00bboff\u00bb custom_padding=\u00bb12vh||12vh||true|false\u00bb global_colors_info=\u00bb{}\u00bb]<\/p>\n<p>Contenido de \u00faltimas tendencias tecnol\u00f3gicas, informaci\u00f3n sobre conceptos de desarrollo de tecnolog\u00edas y m\u00e1s<\/p>\n<p>[\/et_pb_fullwidth_header][\/et_pb_section][et_pb_section fb_built=\u00bb1&#8243; _builder_version=\u00bb4.19.4&#8243; _module_preset=\u00bbdefault\u00bb global_colors_info=\u00bb{}\u00bb][et_pb_row _builder_version=\u00bb4.19.4&#8243; _module_preset=\u00bbdefault\u00bb max_width=\u00bb1200px\u00bb global_colors_info=\u00bb{}\u00bb][et_pb_column type=\u00bb4_4&#8243; _builder_version=\u00bb4.19.4&#8243; _module_preset=\u00bbdefault\u00bb global_colors_info=\u00bb{}\u00bb][et_pb_blog fullwidth=\u00bboff\u00bb posts_number=\u00bb15&#8243; show_more=\u00bbon\u00bb show_author=\u00bboff\u00bb show_categories=\u00bboff\u00bb module_class=\u00bbpa-blog-image-3-2&#8243; _builder_version=\u00bb4.21.0&#8243; _module_preset=\u00bbdefault\u00bb header_font=\u00bbLato|700|||||||\u00bb header_text_align=\u00bbleft\u00bb header_text_color=\u00bb#000000&#8243; header_font_size=\u00bb20px\u00bb body_font_size=\u00bb15px\u00bb meta_font=\u00bbLato|700|||||||\u00bb meta_text_color=\u00bb#0C71C3&#8243; pagination_font=\u00bb|600|||||||\u00bb pagination_text_color=\u00bb#0C71C3&#8243; hover_enabled=\u00bb0&#8243; border_radii=\u00bbon|10px|10px|10px|10px\u00bb border_width_all=\u00bb0px\u00bb box_shadow_style=\u00bbpreset1&#8243; box_shadow_color=\u00bbrgba(0,0,0,0.05)\u00bb global_colors_info=\u00bb{}\u00bb box_shadow_color__hover_enabled=\u00bbon|hover\u00bb box_shadow_color__hover=\u00bbrgba(12,113,195,0.24)\u00bb sticky_enabled=\u00bb0&#8243;][\/et_pb_blog][\/et_pb_column][\/et_pb_row][\/et_pb_section]<\/p>\n","protected":false},"excerpt":{"rendered":"<p>Contenido de \u00faltimas tendencias tecnol\u00f3gicas, informaci\u00f3n sobre conceptos de desarrollo de tecnolog\u00edas y m\u00e1s<\/p>\n","protected":false},"author":1,"featured_media":1432,"parent":0,"menu_order":0,"comment_status":"closed","ping_status":"closed","template":"","meta":{"_et_pb_use_builder":"on","_et_pb_old_content":"","_et_gb_content_width":"","footnotes":""},"class_list":["post-21","page","type-page","status-publish","has-post-thumbnail","hentry"],"yoast_head":"<!-- This site is optimized with the Yoast SEO plugin v20.2.1 - https:\/\/yoast.com\/wordpress\/plugins\/seo\/ -->\n<title>\u00daltimas tendencias tecnol\u00f3gicas: El futuro de la innovaci\u00f3n digital<\/title>\n<meta name=\"description\" content=\"\u00bfEst\u00e1s buscando contenido de desarrollo de software? Conoce las \u00faltimas tendencias tecnol\u00f3gicas y m\u00e1s temas valiosos en nuestro blog. \u00a1Aqu\u00ed!\" \/>\n<meta name=\"robots\" content=\"index, follow, max-snippet:-1, max-image-preview:large, max-video-preview:-1\" \/>\n<link rel=\"canonical\" href=\"https:\/\/sistemasperuweb.com\/web\/blog-ultimas-tendencias-tecnologicas\/\" \/>\n<meta property=\"og:locale\" content=\"es_ES\" \/>\n<meta property=\"og:type\" content=\"article\" \/>\n<meta property=\"og:title\" content=\"\u00daltimas tendencias tecnol\u00f3gicas: El futuro de la innovaci\u00f3n digital\" \/>\n<meta property=\"og:description\" content=\"\u00bfEst\u00e1s buscando contenido de desarrollo de software? Conoce las \u00faltimas tendencias tecnol\u00f3gicas y m\u00e1s temas valiosos en nuestro blog. \u00a1Aqu\u00ed!\" \/>\n<meta property=\"og:url\" content=\"https:\/\/sistemasperuweb.com\/web\/blog-ultimas-tendencias-tecnologicas\/\" \/>\n<meta property=\"og:site_name\" content=\"Empresa de desarrollo de tecnolog\u00eda\" \/>\n<meta property=\"article:publisher\" content=\"https:\/\/www.facebook.com\/Sistemasperuweb\/\" \/>\n<meta property=\"article:modified_time\" content=\"2023-06-02T21:26:00+00:00\" \/>\n<meta property=\"og:image\" content=\"https:\/\/sistemasperuweb.com\/web\/wp-content\/uploads\/2023\/05\/tablet-typing-business-office-analysis-and-happy-2023-05-03-02-42-24-utc-1.jpg\" \/>\n\t<meta property=\"og:image:width\" content=\"1920\" \/>\n\t<meta property=\"og:image:height\" content=\"1281\" \/>\n\t<meta property=\"og:image:type\" content=\"image\/jpeg\" \/>\n<meta name=\"twitter:card\" content=\"summary_large_image\" \/>\n<meta name=\"twitter:label1\" content=\"Tiempo de lectura\" \/>\n\t<meta name=\"twitter:data1\" content=\"1 minuto\" \/>\n<script type=\"application\/ld+json\" class=\"yoast-schema-graph\">{\"@context\":\"https:\/\/schema.org\",\"@graph\":[{\"@type\":[\"Article\",\"BlogPosting\"],\"@id\":\"https:\/\/sistemasperuweb.com\/web\/blog-ultimas-tendencias-tecnologicas\/#article\",\"isPartOf\":{\"@id\":\"https:\/\/sistemasperuweb.com\/web\/blog-ultimas-tendencias-tecnologicas\/\"},\"author\":{\"name\":\"Juan Felix\",\"@id\":\"https:\/\/sistemasperuweb.com\/web\/#\/schema\/person\/9af4d7bb2c7b2f708b6b5357917440ec\"},\"headline\":\"Sistemas Per\u00fa Web Blog\",\"datePublished\":\"2023-01-20T17:39:09+00:00\",\"dateModified\":\"2023-06-02T21:26:00+00:00\",\"mainEntityOfPage\":{\"@id\":\"https:\/\/sistemasperuweb.com\/web\/blog-ultimas-tendencias-tecnologicas\/\"},\"wordCount\":311,\"publisher\":{\"@id\":\"https:\/\/sistemasperuweb.com\/web\/#organization\"},\"inLanguage\":\"es\"},{\"@type\":\"WebPage\",\"@id\":\"https:\/\/sistemasperuweb.com\/web\/blog-ultimas-tendencias-tecnologicas\/\",\"url\":\"https:\/\/sistemasperuweb.com\/web\/blog-ultimas-tendencias-tecnologicas\/\",\"name\":\"\u00daltimas tendencias tecnol\u00f3gicas: El futuro de la innovaci\u00f3n digital\",\"isPartOf\":{\"@id\":\"https:\/\/sistemasperuweb.com\/web\/#website\"},\"datePublished\":\"2023-01-20T17:39:09+00:00\",\"dateModified\":\"2023-06-02T21:26:00+00:00\",\"description\":\"\u00bfEst\u00e1s buscando contenido de desarrollo de software? Conoce las \u00faltimas tendencias tecnol\u00f3gicas y m\u00e1s temas valiosos en nuestro blog. \u00a1Aqu\u00ed!\",\"breadcrumb\":{\"@id\":\"https:\/\/sistemasperuweb.com\/web\/blog-ultimas-tendencias-tecnologicas\/#breadcrumb\"},\"inLanguage\":\"es\",\"potentialAction\":[{\"@type\":\"ReadAction\",\"target\":[\"https:\/\/sistemasperuweb.com\/web\/blog-ultimas-tendencias-tecnologicas\/\"]}]},{\"@type\":\"BreadcrumbList\",\"@id\":\"https:\/\/sistemasperuweb.com\/web\/blog-ultimas-tendencias-tecnologicas\/#breadcrumb\",\"itemListElement\":[{\"@type\":\"ListItem\",\"position\":1,\"name\":\"Portada\",\"item\":\"https:\/\/sistemasperuweb.com\/web\/\"},{\"@type\":\"ListItem\",\"position\":2,\"name\":\"Sistemas Per\u00fa Web Blog\"}]},{\"@type\":\"WebSite\",\"@id\":\"https:\/\/sistemasperuweb.com\/web\/#website\",\"url\":\"https:\/\/sistemasperuweb.com\/web\/\",\"name\":\"Empresa de desarrollo de tecnolog\u00eda Sistemas Per\u00fa Web\",\"description\":\"Webs, Aplicaciones y Sistemas\",\"publisher\":{\"@id\":\"https:\/\/sistemasperuweb.com\/web\/#organization\"},\"potentialAction\":[{\"@type\":\"SearchAction\",\"target\":{\"@type\":\"EntryPoint\",\"urlTemplate\":\"https:\/\/sistemasperuweb.com\/web\/?s={search_term_string}\"},\"query-input\":\"required name=search_term_string\"}],\"inLanguage\":\"es\"},{\"@type\":\"Organization\",\"@id\":\"https:\/\/sistemasperuweb.com\/web\/#organization\",\"name\":\"Sistemas Per\u00fa Web\",\"url\":\"https:\/\/sistemasperuweb.com\/web\/\",\"logo\":{\"@type\":\"ImageObject\",\"inLanguage\":\"es\",\"@id\":\"https:\/\/sistemasperuweb.com\/web\/#\/schema\/logo\/image\/\",\"url\":\"https:\/\/sistemasperuweb.com\/web\/wp-content\/uploads\/2023\/02\/Sistemasperuweb-logo-1-e1676492465834.png\",\"contentUrl\":\"https:\/\/sistemasperuweb.com\/web\/wp-content\/uploads\/2023\/02\/Sistemasperuweb-logo-1-e1676492465834.png\",\"width\":182,\"height\":105,\"caption\":\"Sistemas Per\u00fa Web\"},\"image\":{\"@id\":\"https:\/\/sistemasperuweb.com\/web\/#\/schema\/logo\/image\/\"},\"sameAs\":[\"https:\/\/www.facebook.com\/Sistemasperuweb\/\"]},{\"@type\":\"Person\",\"@id\":\"https:\/\/sistemasperuweb.com\/web\/#\/schema\/person\/9af4d7bb2c7b2f708b6b5357917440ec\",\"name\":\"Juan Felix\",\"image\":{\"@type\":\"ImageObject\",\"inLanguage\":\"es\",\"@id\":\"https:\/\/sistemasperuweb.com\/web\/#\/schema\/person\/image\/\",\"url\":\"https:\/\/secure.gravatar.com\/avatar\/dffd64486336f35faa23e7b17e0c2301a5c9d6343fec9a86323fb05312523915?s=96&d=mm&r=g\",\"contentUrl\":\"https:\/\/secure.gravatar.com\/avatar\/dffd64486336f35faa23e7b17e0c2301a5c9d6343fec9a86323fb05312523915?s=96&d=mm&r=g\",\"caption\":\"Juan Felix\"},\"sameAs\":[\"https:\/\/sistemasperuweb.com\/web\"],\"url\":\"https:\/\/sistemasperuweb.com\/web\/author\/fqus5dfgvt\/\"}]}<\/script>\n<!-- \/ Yoast SEO plugin. -->","yoast_head_json":{"title":"\u00daltimas tendencias tecnol\u00f3gicas: El futuro de la innovaci\u00f3n digital","description":"\u00bfEst\u00e1s buscando contenido de desarrollo de software? Conoce las \u00faltimas tendencias tecnol\u00f3gicas y m\u00e1s temas valiosos en nuestro blog. \u00a1Aqu\u00ed!","robots":{"index":"index","follow":"follow","max-snippet":"max-snippet:-1","max-image-preview":"max-image-preview:large","max-video-preview":"max-video-preview:-1"},"canonical":"https:\/\/sistemasperuweb.com\/web\/blog-ultimas-tendencias-tecnologicas\/","og_locale":"es_ES","og_type":"article","og_title":"\u00daltimas tendencias tecnol\u00f3gicas: El futuro de la innovaci\u00f3n digital","og_description":"\u00bfEst\u00e1s buscando contenido de desarrollo de software? Conoce las \u00faltimas tendencias tecnol\u00f3gicas y m\u00e1s temas valiosos en nuestro blog. \u00a1Aqu\u00ed!","og_url":"https:\/\/sistemasperuweb.com\/web\/blog-ultimas-tendencias-tecnologicas\/","og_site_name":"Empresa de desarrollo de tecnolog\u00eda","article_publisher":"https:\/\/www.facebook.com\/Sistemasperuweb\/","article_modified_time":"2023-06-02T21:26:00+00:00","og_image":[{"width":1920,"height":1281,"url":"https:\/\/sistemasperuweb.com\/web\/wp-content\/uploads\/2023\/05\/tablet-typing-business-office-analysis-and-happy-2023-05-03-02-42-24-utc-1.jpg","type":"image\/jpeg"}],"twitter_card":"summary_large_image","twitter_misc":{"Tiempo de lectura":"1 minuto"},"schema":{"@context":"https:\/\/schema.org","@graph":[{"@type":["Article","BlogPosting"],"@id":"https:\/\/sistemasperuweb.com\/web\/blog-ultimas-tendencias-tecnologicas\/#article","isPartOf":{"@id":"https:\/\/sistemasperuweb.com\/web\/blog-ultimas-tendencias-tecnologicas\/"},"author":{"name":"Juan Felix","@id":"https:\/\/sistemasperuweb.com\/web\/#\/schema\/person\/9af4d7bb2c7b2f708b6b5357917440ec"},"headline":"Sistemas Per\u00fa Web Blog","datePublished":"2023-01-20T17:39:09+00:00","dateModified":"2023-06-02T21:26:00+00:00","mainEntityOfPage":{"@id":"https:\/\/sistemasperuweb.com\/web\/blog-ultimas-tendencias-tecnologicas\/"},"wordCount":311,"publisher":{"@id":"https:\/\/sistemasperuweb.com\/web\/#organization"},"inLanguage":"es"},{"@type":"WebPage","@id":"https:\/\/sistemasperuweb.com\/web\/blog-ultimas-tendencias-tecnologicas\/","url":"https:\/\/sistemasperuweb.com\/web\/blog-ultimas-tendencias-tecnologicas\/","name":"\u00daltimas tendencias tecnol\u00f3gicas: El futuro de la innovaci\u00f3n digital","isPartOf":{"@id":"https:\/\/sistemasperuweb.com\/web\/#website"},"datePublished":"2023-01-20T17:39:09+00:00","dateModified":"2023-06-02T21:26:00+00:00","description":"\u00bfEst\u00e1s buscando contenido de desarrollo de software? Conoce las \u00faltimas tendencias tecnol\u00f3gicas y m\u00e1s temas valiosos en nuestro blog. \u00a1Aqu\u00ed!","breadcrumb":{"@id":"https:\/\/sistemasperuweb.com\/web\/blog-ultimas-tendencias-tecnologicas\/#breadcrumb"},"inLanguage":"es","potentialAction":[{"@type":"ReadAction","target":["https:\/\/sistemasperuweb.com\/web\/blog-ultimas-tendencias-tecnologicas\/"]}]},{"@type":"BreadcrumbList","@id":"https:\/\/sistemasperuweb.com\/web\/blog-ultimas-tendencias-tecnologicas\/#breadcrumb","itemListElement":[{"@type":"ListItem","position":1,"name":"Portada","item":"https:\/\/sistemasperuweb.com\/web\/"},{"@type":"ListItem","position":2,"name":"Sistemas Per\u00fa Web Blog"}]},{"@type":"WebSite","@id":"https:\/\/sistemasperuweb.com\/web\/#website","url":"https:\/\/sistemasperuweb.com\/web\/","name":"Empresa de desarrollo de tecnolog\u00eda Sistemas Per\u00fa Web","description":"Webs, Aplicaciones y Sistemas","publisher":{"@id":"https:\/\/sistemasperuweb.com\/web\/#organization"},"potentialAction":[{"@type":"SearchAction","target":{"@type":"EntryPoint","urlTemplate":"https:\/\/sistemasperuweb.com\/web\/?s={search_term_string}"},"query-input":"required name=search_term_string"}],"inLanguage":"es"},{"@type":"Organization","@id":"https:\/\/sistemasperuweb.com\/web\/#organization","name":"Sistemas Per\u00fa Web","url":"https:\/\/sistemasperuweb.com\/web\/","logo":{"@type":"ImageObject","inLanguage":"es","@id":"https:\/\/sistemasperuweb.com\/web\/#\/schema\/logo\/image\/","url":"https:\/\/sistemasperuweb.com\/web\/wp-content\/uploads\/2023\/02\/Sistemasperuweb-logo-1-e1676492465834.png","contentUrl":"https:\/\/sistemasperuweb.com\/web\/wp-content\/uploads\/2023\/02\/Sistemasperuweb-logo-1-e1676492465834.png","width":182,"height":105,"caption":"Sistemas Per\u00fa Web"},"image":{"@id":"https:\/\/sistemasperuweb.com\/web\/#\/schema\/logo\/image\/"},"sameAs":["https:\/\/www.facebook.com\/Sistemasperuweb\/"]},{"@type":"Person","@id":"https:\/\/sistemasperuweb.com\/web\/#\/schema\/person\/9af4d7bb2c7b2f708b6b5357917440ec","name":"Juan Felix","image":{"@type":"ImageObject","inLanguage":"es","@id":"https:\/\/sistemasperuweb.com\/web\/#\/schema\/person\/image\/","url":"https:\/\/secure.gravatar.com\/avatar\/dffd64486336f35faa23e7b17e0c2301a5c9d6343fec9a86323fb05312523915?s=96&d=mm&r=g","contentUrl":"https:\/\/secure.gravatar.com\/avatar\/dffd64486336f35faa23e7b17e0c2301a5c9d6343fec9a86323fb05312523915?s=96&d=mm&r=g","caption":"Juan Felix"},"sameAs":["https:\/\/sistemasperuweb.com\/web"],"url":"https:\/\/sistemasperuweb.com\/web\/author\/fqus5dfgvt\/"}]}},"_links":{"self":[{"href":"https:\/\/sistemasperuweb.com\/web\/wp-json\/wp\/v2\/pages\/21","targetHints":{"allow":["GET"]}}],"collection":[{"href":"https:\/\/sistemasperuweb.com\/web\/wp-json\/wp\/v2\/pages"}],"about":[{"href":"https:\/\/sistemasperuweb.com\/web\/wp-json\/wp\/v2\/types\/page"}],"author":[{"embeddable":true,"href":"https:\/\/sistemasperuweb.com\/web\/wp-json\/wp\/v2\/users\/1"}],"replies":[{"embeddable":true,"href":"https:\/\/sistemasperuweb.com\/web\/wp-json\/wp\/v2\/comments?post=21"}],"version-history":[{"count":7,"href":"https:\/\/sistemasperuweb.com\/web\/wp-json\/wp\/v2\/pages\/21\/revisions"}],"predecessor-version":[{"id":1539,"href":"https:\/\/sistemasperuweb.com\/web\/wp-json\/wp\/v2\/pages\/21\/revisions\/1539"}],"wp:featuredmedia":[{"embeddable":true,"href":"https:\/\/sistemasperuweb.com\/web\/wp-json\/wp\/v2\/media\/1432"}],"wp:attachment":[{"href":"https:\/\/sistemasperuweb.com\/web\/wp-json\/wp\/v2\/media?parent=21"}],"curies":[{"name":"wp","href":"https:\/\/api.w.org\/{rel}","templated":true}]}}