{"id":823,"date":"2023-04-10T17:55:08","date_gmt":"2023-04-10T17:55:08","guid":{"rendered":"https:\/\/sistemasperuweb.com\/iguanalodgeperu\/?page_id=823"},"modified":"2023-04-14T00:53:31","modified_gmt":"2023-04-14T00:53:31","slug":"el-ecolodge","status":"publish","type":"page","link":"https:\/\/sistemasperuweb.com\/iguanalodgeperu\/el-ecolodge\/","title":{"rendered":"El Ecolodge"},"content":{"rendered":"<p>[et_pb_section fb_built=\u00bb1&#8243; _builder_version=\u00bb4.20.4&#8243; _module_preset=\u00bbdefault\u00bb background_image=\u00bbhttps:\/\/sistemasperuweb.com\/iguanalodgeperu\/wp-content\/uploads\/2023\/03\/BE439493-8EF8-4B96-BAAA-1296AD842F28_1_105_c.jpeg\u00bb parallax=\u00bbon\u00bb parallax_method=\u00bboff\u00bb min_height=\u00bb400px\u00bb height=\u00bb400px\u00bb max_height=\u00bb400px\u00bb custom_padding=\u00bb||||false|false\u00bb hover_enabled=\u00bb0&#8243; da_disable_devices=\u00bboff|off|off\u00bb global_colors_info=\u00bb{}\u00bb use_background_color_gradient=\u00bbon\u00bb background_color_gradient_overlays_image=\u00bbon\u00bb background_color_gradient_stops=\u00bb#000000 0%|rgba(10,10,10,0.54) 8%|rgba(255,255,255,0) 16%\u00bb sticky_enabled=\u00bb0&#8243; da_is_popup=\u00bboff\u00bb da_exit_intent=\u00bboff\u00bb da_has_close=\u00bbon\u00bb da_alt_close=\u00bboff\u00bb da_dark_close=\u00bboff\u00bb da_not_modal=\u00bbon\u00bb da_is_singular=\u00bboff\u00bb da_with_loader=\u00bboff\u00bb da_has_shadow=\u00bbon\u00bb][et_pb_row _builder_version=\u00bb4.20.4&#8243; _module_preset=\u00bbdefault\u00bb positioning=\u00bbabsolute\u00bb position_origin_a=\u00bbcenter_center\u00bb global_colors_info=\u00bb{}\u00bb][et_pb_column type=\u00bb4_4&#8243; _builder_version=\u00bb4.20.4&#8243; _module_preset=\u00bbdefault\u00bb global_colors_info=\u00bb{}\u00bb][et_pb_text _builder_version=\u00bb4.20.4&#8243; _module_preset=\u00bbdefault\u00bb header_font=\u00bbAkshar|||on|||||\u00bb header_text_align=\u00bbcenter\u00bb header_text_color=\u00bb#FFFFFF\u00bb header_font_size=\u00bb60px\u00bb header_letter_spacing=\u00bb10px\u00bb global_colors_info=\u00bb{}\u00bb]<\/p>\n<h1>EL LODGE<\/h1>\n<p>[\/et_pb_text][\/et_pb_column][\/et_pb_row][\/et_pb_section][et_pb_section fb_built=\u00bb1&#8243; _builder_version=\u00bb4.20.4&#8243; _module_preset=\u00bbdefault\u00bb da_disable_devices=\u00bboff|off|off\u00bb global_colors_info=\u00bb{}\u00bb da_is_popup=\u00bboff\u00bb da_exit_intent=\u00bboff\u00bb da_has_close=\u00bbon\u00bb da_alt_close=\u00bboff\u00bb da_dark_close=\u00bboff\u00bb da_not_modal=\u00bbon\u00bb da_is_singular=\u00bboff\u00bb da_with_loader=\u00bboff\u00bb da_has_shadow=\u00bbon\u00bb][et_pb_row column_structure=\u00bb1_2,1_2&#8243; make_equal=\u00bbon\u00bb _builder_version=\u00bb4.20.4&#8243; _module_preset=\u00bbdefault\u00bb max_width=\u00bb900px\u00bb global_colors_info=\u00bb{}\u00bb][et_pb_column type=\u00bb1_2&#8243; _builder_version=\u00bb4.20.4&#8243; _module_preset=\u00bbdefault\u00bb global_colors_info=\u00bb{}\u00bb][et_pb_text _builder_version=\u00bb4.20.4&#8243; _module_preset=\u00bbdefault\u00bb text_font=\u00bbFutura Ecolodge||||||||\u00bb text_text_color=\u00bb#000000&#8243; global_colors_info=\u00bb{}\u00bb]<\/p>\n<p>El albergue est\u00e1 construido con materiales propios de la zona, respetando la naturaleza, el ecosistema y la comunidad a la que pertenecemos. La edificaci\u00f3n se levanta a m\u00e1s de 3 metros de altura del suelo debido al elevado caudal del r\u00edo Amazonas durante la temporada de lluvias.<\/p>\n<p><strong>Check in: 15:00 hrs<\/strong><br \/><strong>Check out: 13:00 hrs<\/strong><\/p>\n<p><strong>Pr\u00f3ximos proyectos:\u00a0<\/strong><br \/>Ampliaci\u00f3n a seis bungalows y un mirador.<\/p>\n<p>Actualmente contamos con 4 bungalows totalmente implementados con los servicios necesarios para la comodidad de nuestros pasajeros. Todos los bungalows tienen ba\u00f1o propio y terraza con vista. La capacidad de nuestros bungalows permite alojar hasta veinte (20) personas en total. La acomodaci\u00f3n puede ser desde dos (02) hasta cuatro (04) pasajeros por habitaci\u00f3n. Ofrecemos toallas y amenities por habitaci\u00f3n.<\/p>\n<p>[\/et_pb_text][\/et_pb_column][et_pb_column type=\u00bb1_2&#8243; _builder_version=\u00bb4.20.4&#8243; _module_preset=\u00bbdefault\u00bb global_colors_info=\u00bb{}\u00bb][et_pb_image src=\u00bbhttps:\/\/sistemasperuweb.com\/iguanalodgeperu\/wp-content\/uploads\/2023\/03\/16A3B45F-99F6-4AE0-AF0A-CF141D9F9101_1_105_c.jpeg\u00bb title_text=\u00bbProcessed with VSCO with ss1 preset\u00bb _builder_version=\u00bb4.20.4&#8243; _module_preset=\u00bbdefault\u00bb global_colors_info=\u00bb{}\u00bb][\/et_pb_image][\/et_pb_column][\/et_pb_row][\/et_pb_section][et_pb_section fb_built=\u00bb1&#8243; _builder_version=\u00bb4.20.4&#8243; _module_preset=\u00bbdefault\u00bb use_background_color_gradient=\u00bbon\u00bb background_color_gradient_stops=\u00bbrgba(0,0,0,0.38) 0%|rgba(0,0,0,0.38) 100%\u00bb background_color_gradient_overlays_image=\u00bbon\u00bb background_image=\u00bbhttps:\/\/sistemasperuweb.com\/iguanalodgeperu\/wp-content\/uploads\/2023\/03\/D8B21DBD-908D-42C2-9C00-372618E7EA93_1_105_c.jpeg\u00bb parallax=\u00bbon\u00bb parallax_method=\u00bboff\u00bb da_disable_devices=\u00bboff|off|off\u00bb global_colors_info=\u00bb{}\u00bb da_is_popup=\u00bboff\u00bb da_exit_intent=\u00bboff\u00bb da_has_close=\u00bbon\u00bb da_alt_close=\u00bboff\u00bb da_dark_close=\u00bboff\u00bb da_not_modal=\u00bbon\u00bb da_is_singular=\u00bboff\u00bb da_with_loader=\u00bboff\u00bb da_has_shadow=\u00bbon\u00bb][et_pb_row column_structure=\u00bb1_2,1_2&#8243; _builder_version=\u00bb4.20.4&#8243; _module_preset=\u00bbdefault\u00bb max_width=\u00bb900px\u00bb global_colors_info=\u00bb{}\u00bb][et_pb_column type=\u00bb1_2&#8243; _builder_version=\u00bb4.20.4&#8243; _module_preset=\u00bbdefault\u00bb global_colors_info=\u00bb{}\u00bb][et_pb_blurb title=\u00bbServicios incluidos\u00bb _builder_version=\u00bb4.20.4&#8243; _module_preset=\u00bbdefault\u00bb header_font=\u00bbAkshar|||on|||||\u00bb header_text_color=\u00bb#FFFFFF\u00bb body_font=\u00bbFutura Ecolodge||||||||\u00bb body_text_color=\u00bb#FFFFFF\u00bb global_colors_info=\u00bb{}\u00bb]<\/p>\n<p>&#8211; Traslados desde el aeropuerto y\/u hotel hasta el albergue. *<br \/>&#8211; Alojamiento en Iguana Lodge.<br \/>&#8211; Alimentaci\u00f3n completa (desayuno, almuerzo, cena).<br \/>&#8211; Bebida de bienvenida.<br \/>&#8211; Excursiones y actividades. **<br \/>&#8211; Gu\u00eda en espa\u00f1ol o ingles.<br \/>&#8211; Entrada a centros tur\u00edsticos y de rescate animal.<\/p>\n<p>[\/et_pb_blurb][et_pb_blurb title=\u00bbServicios adicionales\u00bb _builder_version=\u00bb4.20.4&#8243; _module_preset=\u00bbdefault\u00bb header_font=\u00bbAkshar|||on|||||\u00bb header_text_color=\u00bb#FFFFFF\u00bb body_font=\u00bbFutura Ecolodge||||||||\u00bb body_text_color=\u00bb#FFFFFF\u00bb global_colors_info=\u00bb{}\u00bb]<\/p>\n<p>&#8211; Traslados privados fluviales y<br \/>terrestres.<br \/>&#8211; Alimentaci\u00f3n fuera de la ofrecida.<br \/>&#8211; Maleteros fuera de horario establecido.<br \/>&#8211; Entrega de regalos sin personalizar.<br \/>&#8211; Entrega de regalos personalizados.<\/p>\n<p>[\/et_pb_blurb][\/et_pb_column][et_pb_column type=\u00bb1_2&#8243; _builder_version=\u00bb4.20.4&#8243; _module_preset=\u00bbdefault\u00bb global_colors_info=\u00bb{}\u00bb][\/et_pb_column][\/et_pb_row][\/et_pb_section][et_pb_section fb_built=\u00bb1&#8243; _builder_version=\u00bb4.20.4&#8243; _module_preset=\u00bbdefault\u00bb da_disable_devices=\u00bboff|off|off\u00bb global_colors_info=\u00bb{}\u00bb da_is_popup=\u00bboff\u00bb da_exit_intent=\u00bboff\u00bb da_has_close=\u00bbon\u00bb da_alt_close=\u00bboff\u00bb da_dark_close=\u00bboff\u00bb da_not_modal=\u00bbon\u00bb da_is_singular=\u00bboff\u00bb da_with_loader=\u00bboff\u00bb da_has_shadow=\u00bbon\u00bb][et_pb_row column_structure=\u00bb1_2,1_2&#8243; make_equal=\u00bbon\u00bb _builder_version=\u00bb4.20.4&#8243; _module_preset=\u00bbdefault\u00bb max_width=\u00bb900px\u00bb global_colors_info=\u00bb{}\u00bb][et_pb_column type=\u00bb1_2&#8243; _builder_version=\u00bb4.20.4&#8243; _module_preset=\u00bbdefault\u00bb global_colors_info=\u00bb{}\u00bb][et_pb_image src=\u00bbhttps:\/\/sistemasperuweb.com\/iguanalodgeperu\/wp-content\/uploads\/2023\/03\/16A3B45F-99F6-4AE0-AF0A-CF141D9F9101_1_105_c.jpeg\u00bb title_text=\u00bbProcessed with VSCO with ss1 preset\u00bb _builder_version=\u00bb4.20.4&#8243; _module_preset=\u00bbdefault\u00bb global_colors_info=\u00bb{}\u00bb][\/et_pb_image][\/et_pb_column][et_pb_column type=\u00bb1_2&#8243; _builder_version=\u00bb4.20.4&#8243; _module_preset=\u00bbdefault\u00bb global_colors_info=\u00bb{}\u00bb][et_pb_text _builder_version=\u00bb4.20.4&#8243; _module_preset=\u00bbdefault\u00bb text_font=\u00bbFutura Ecolodge||||||||\u00bb text_text_color=\u00bb#000000&#8243; global_colors_info=\u00bb{}\u00bb]<\/p>\n<p>La alimentaci\u00f3n que ofrecemos es completa seg\u00fan el paquete que se obtenga. Las comidas ofrecidas se sirven en formato buffet en la maloca principal. Nuestro men\u00fa es principalmente regional, pero tambi\u00e9n ofrecemos alimentaci\u00f3n personalizada (para veganos, vegetarianos, celiacos, etc.). Las bebidas consumidas en el bar tienen un costo adicional.<\/p>\n<p><strong>Horario de servicio:<\/strong><\/p>\n<p>&#8211; Desayuno: de 07:00 a 09:30 hrs<br \/>&#8211; Almuerzo: de 13:00 a 15:00 hrs<br \/>&#8211; Cena: de 19:00 a 21:00 hrs<\/p>\n<p>[\/et_pb_text][\/et_pb_column][\/et_pb_row][et_pb_row _builder_version=\u00bb4.20.4&#8243; _module_preset=\u00bbdefault\u00bb max_width=\u00bb900px\u00bb global_colors_info=\u00bb{}\u00bb][et_pb_column type=\u00bb4_4&#8243; _builder_version=\u00bb4.20.4&#8243; _module_preset=\u00bbdefault\u00bb global_colors_info=\u00bb{}\u00bb][et_pb_text _builder_version=\u00bb4.20.4&#8243; _module_preset=\u00bbdefault\u00bb text_font=\u00bbFutura Ecolodge||||||||\u00bb text_text_color=\u00bb#000000&#8243; global_colors_info=\u00bb{}\u00bb]<\/p>\n<p>Estamos comprometidos con el medio ambiente y la comunidad en la que nos encontramos. Intentamos que el vinculo con los habitantes del pueblo de Santa Victoria II Zona se afine cada d\u00eda; por lo que, creamos proyectos de educaci\u00f3n donde ellos logren capacitarse para poder contribuir con el desarrollo sostenible del turismo en la regi\u00f3n.<\/p>\n<p>De igual manera, la colaboraci\u00f3n econ\u00f3mica que aportamos a diferentes comunidades nativas y centros de rescate animal para su mantenimiento, refleja nuestro compromiso con aquellos que permiten que nuestras actividades sean posibles.<\/p>\n<p>[\/et_pb_text][\/et_pb_column][\/et_pb_row][\/et_pb_section]<\/p>\n","protected":false},"excerpt":{"rendered":"<p>EL LODGEEl albergue est\u00e1 construido con materiales propios de la zona, respetando la naturaleza, el ecosistema y la comunidad a la que pertenecemos. La edificaci\u00f3n se levanta a m\u00e1s de 3 metros de altura del suelo debido al elevado caudal del r\u00edo Amazonas durante la temporada de lluvias. Check in: 15:00 hrsCheck out: 13:00 hrs [&hellip;]<\/p>\n","protected":false},"author":1,"featured_media":0,"parent":0,"menu_order":0,"comment_status":"closed","ping_status":"closed","template":"","meta":{"_et_pb_use_builder":"on","_et_pb_old_content":"","_et_gb_content_width":"","inline_featured_image":false,"footnotes":""},"class_list":["post-823","page","type-page","status-publish","hentry"],"_links":{"self":[{"href":"https:\/\/sistemasperuweb.com\/iguanalodgeperu\/wp-json\/wp\/v2\/pages\/823","targetHints":{"allow":["GET"]}}],"collection":[{"href":"https:\/\/sistemasperuweb.com\/iguanalodgeperu\/wp-json\/wp\/v2\/pages"}],"about":[{"href":"https:\/\/sistemasperuweb.com\/iguanalodgeperu\/wp-json\/wp\/v2\/types\/page"}],"author":[{"embeddable":true,"href":"https:\/\/sistemasperuweb.com\/iguanalodgeperu\/wp-json\/wp\/v2\/users\/1"}],"replies":[{"embeddable":true,"href":"https:\/\/sistemasperuweb.com\/iguanalodgeperu\/wp-json\/wp\/v2\/comments?post=823"}],"version-history":[{"count":8,"href":"https:\/\/sistemasperuweb.com\/iguanalodgeperu\/wp-json\/wp\/v2\/pages\/823\/revisions"}],"predecessor-version":[{"id":967,"href":"https:\/\/sistemasperuweb.com\/iguanalodgeperu\/wp-json\/wp\/v2\/pages\/823\/revisions\/967"}],"wp:attachment":[{"href":"https:\/\/sistemasperuweb.com\/iguanalodgeperu\/wp-json\/wp\/v2\/media?parent=823"}],"curies":[{"name":"wp","href":"https:\/\/api.w.org\/{rel}","templated":true}]}}