{"id":21,"date":"2023-03-22T22:29:25","date_gmt":"2023-03-22T22:29:25","guid":{"rendered":"https:\/\/sistemasperuweb.com\/iguanalodgeperu\/?page_id=21"},"modified":"2023-05-15T21:25:18","modified_gmt":"2023-05-15T21:25:18","slug":"iguana-lodge-peru","status":"publish","type":"page","link":"https:\/\/sistemasperuweb.com\/iguanalodgeperu\/","title":{"rendered":"Iguana Lodge Per\u00fa"},"content":{"rendered":"<p>[et_pb_section fb_built=\u00bb1&#8243; admin_label=\u00bbSection\u00bb _builder_version=\u00bb4.20.4&#8243; _module_preset=\u00bbdefault\u00bb background_color=\u00bb#0a4704&#8243; background_video_mp4=\u00bbhttps:\/\/sistemasperuweb.com\/iguanalodgeperu\/wp-content\/uploads\/2023\/05\/iguanalodgeperu-sliderpro-1.mp4&#8243; background_enable_video_webm=\u00bboff\u00bb background_video_pause_outside_viewport=\u00bboff\u00bb background_enable_mask_style=\u00bbon\u00bb background_mask_style=\u00bbarch\u00bb background_mask_color=\u00bbrgba(48,48,48,0.6)\u00bb background_mask_aspect_ratio=\u00bbportrait\u00bb background_mask_size=\u00bbcustom\u00bb background_mask_width=\u00bb1500%\u00bb background_mask_height=\u00bb100%\u00bb hover_enabled=\u00bb0&#8243; custom_css_main_element=\u00bbheight:calc(100vh);\u00bb da_disable_devices=\u00bboff|off|off\u00bb global_colors_info=\u00bb{}\u00bb title_text=\u00bbiguanalodgeperu-sliderpro-1&#8243; sticky_enabled=\u00bb0&#8243; da_is_popup=\u00bboff\u00bb da_exit_intent=\u00bboff\u00bb da_has_close=\u00bbon\u00bb da_alt_close=\u00bboff\u00bb da_dark_close=\u00bboff\u00bb da_not_modal=\u00bbon\u00bb da_is_singular=\u00bboff\u00bb da_with_loader=\u00bboff\u00bb da_has_shadow=\u00bbon\u00bb][et_pb_row column_structure=\u00bb1_3,1_3,1_3&#8243; make_equal=\u00bbon\u00bb _builder_version=\u00bb4.20.4&#8243; _module_preset=\u00bbdefault\u00bb positioning=\u00bbabsolute\u00bb position_origin_a=\u00bbcenter_center\u00bb global_colors_info=\u00bb{}\u00bb][et_pb_column type=\u00bb1_3&#8243; disabled_on=\u00bbon|on|off\u00bb _builder_version=\u00bb4.20.4&#8243; _module_preset=\u00bbdefault\u00bb global_colors_info=\u00bb{}\u00bb][et_pb_text _builder_version=\u00bb4.20.4&#8243; _module_preset=\u00bbdefault\u00bb text_font=\u00bbFutura Ecolodge||||||||\u00bb text_text_color=\u00bb#FFFFFF\u00bb text_letter_spacing=\u00bb5px\u00bb header_font=\u00bbFutura Ecolodge||||||||\u00bb header_2_font_size=\u00bb3.4rem\u00bb transform_rotate=\u00bb0deg|0deg|270deg\u00bb text_orientation=\u00bbcenter\u00bb width=\u00bb300px\u00bb global_colors_info=\u00bb{}\u00bb]LIVE THE EXPERIENCE[\/et_pb_text][\/et_pb_column][et_pb_column type=\u00bb1_3&#8243; _builder_version=\u00bb4.20.4&#8243; _module_preset=\u00bbdefault\u00bb global_colors_info=\u00bb{}\u00bb][et_pb_text _builder_version=\u00bb4.20.4&#8243; _module_preset=\u00bbdefault\u00bb text_font=\u00bbFutura Ecolodge||||||||\u00bb text_text_color=\u00bb#FFFFFF\u00bb header_2_font_size=\u00bb3.4rem\u00bb text_orientation=\u00bbcenter\u00bb global_colors_info=\u00bb{}\u00bb]<\/p>\n<p>Te damos la bienvenida a<\/p>\n<p>[\/et_pb_text][et_pb_image src=\u00bbhttps:\/\/sistemasperuweb.com\/iguanalodgeperu\/wp-content\/uploads\/2023\/03\/Diseno_sin_titulo-removebg-preview-1.png\u00bb title_text=\u00bbDise\u00f1o_sin_t\u00edtulo-removebg-preview (1)\u00bb align=\u00bbcenter\u00bb _builder_version=\u00bb4.20.4&#8243; _module_preset=\u00bbdefault\u00bb global_colors_info=\u00bb{}\u00bb][\/et_pb_image][\/et_pb_column][et_pb_column type=\u00bb1_3&#8243; disabled_on=\u00bbon|on|off\u00bb _builder_version=\u00bb4.20.4&#8243; _module_preset=\u00bbdefault\u00bb global_colors_info=\u00bb{}\u00bb][et_pb_text _builder_version=\u00bb4.20.4&#8243; _module_preset=\u00bbdefault\u00bb text_font=\u00bbFutura Ecolodge||||||||\u00bb text_text_color=\u00bb#FFFFFF\u00bb text_letter_spacing=\u00bb5px\u00bb header_2_font_size=\u00bb3.4rem\u00bb transform_rotate=\u00bb0deg|0deg|90deg\u00bb text_orientation=\u00bbcenter\u00bb width=\u00bb300px\u00bb global_colors_info=\u00bb{}\u00bb]BE THE EXPERIENCE[\/et_pb_text][\/et_pb_column][\/et_pb_row][\/et_pb_section][et_pb_section fb_built=\u00bb1&#8243; admin_label=\u00bbSection\u00bb module_id=\u00bbnosotros\u00bb _builder_version=\u00bb4.20.4&#8243; _module_preset=\u00bbdefault\u00bb use_background_color_gradient=\u00bbon\u00bb background_color_gradient_stops=\u00bbrgba(0,0,0,0.58) 0%|rgba(0,0,0,0.58) 100%\u00bb background_color_gradient_overlays_image=\u00bbon\u00bb background_image=\u00bbhttps:\/\/sistemasperuweb.com\/iguanalodgeperu\/wp-content\/uploads\/2023\/03\/9E121A79-E897-4E9C-AEE5-1528A42E9945_1_105_c.jpeg\u00bb parallax=\u00bbon\u00bb parallax_method=\u00bboff\u00bb custom_padding=\u00bb30vh||30vh||true|false\u00bb da_popup_slug=\u00bbnosotros\u00bb da_disable_devices=\u00bboff|off|off\u00bb global_colors_info=\u00bb{}\u00bb da_is_popup=\u00bboff\u00bb da_exit_intent=\u00bboff\u00bb da_has_close=\u00bbon\u00bb da_alt_close=\u00bboff\u00bb da_dark_close=\u00bboff\u00bb da_not_modal=\u00bbon\u00bb da_is_singular=\u00bboff\u00bb da_with_loader=\u00bboff\u00bb da_has_shadow=\u00bbon\u00bb][et_pb_row column_structure=\u00bb1_2,1_2&#8243; make_equal=\u00bbon\u00bb _builder_version=\u00bb4.20.2&#8243; _module_preset=\u00bbdefault\u00bb positioning=\u00bbabsolute\u00bb position_origin_a=\u00bbcenter_center\u00bb global_colors_info=\u00bb{}\u00bb][et_pb_column type=\u00bb1_2&#8243; _builder_version=\u00bb4.20.2&#8243; _module_preset=\u00bbdefault\u00bb global_colors_info=\u00bb{}\u00bb][et_pb_text _builder_version=\u00bb4.20.4&#8243; _module_preset=\u00bbdefault\u00bb header_2_font=\u00bbAkshar||||||||\u00bb header_2_text_align=\u00bbcenter\u00bb header_2_text_color=\u00bb#FFFFFF\u00bb header_2_font_size=\u00bb3.2rem\u00bb header_2_letter_spacing=\u00bb10px\u00bb text_orientation=\u00bbright\u00bb global_colors_info=\u00bb{}\u00bb]<\/p>\n<h2>NOSOTROS<\/h2>\n<p>[\/et_pb_text][\/et_pb_column][et_pb_column type=\u00bb1_2&#8243; _builder_version=\u00bb4.20.2&#8243; _module_preset=\u00bbdefault\u00bb global_colors_info=\u00bb{}\u00bb][et_pb_text _builder_version=\u00bb4.20.4&#8243; _module_preset=\u00bbdefault\u00bb text_font=\u00bbFutura Ecolodge||||||||\u00bb text_text_color=\u00bb#FFFFFF\u00bb link_text_color=\u00bb#FFFFFF\u00bb header_2_font_size=\u00bb3.4rem\u00bb header_3_font=\u00bbAkshar||||||||\u00bb global_colors_info=\u00bb{}\u00bb]<\/p>\n<p>Somos una empresa familiar constituida a fines del 2016 que empez\u00f3 operaciones a mediados del 2018. Decidimos invertir en Iquitos porque encontramos en la Amazonia la conexi\u00f3n con la Madre Tierra que nos faltaba para complementarnos.<\/p>\n<p>&nbsp;<\/p>\n<h3><a href=\"https:\/\/sistemasperuweb.com\/iguanalodgeperu\/el-ecolodge\/\">CONOCER SOBRE EL ECOLODGE<\/a><\/h3>\n<p>[\/et_pb_text][\/et_pb_column][\/et_pb_row][\/et_pb_section][et_pb_section fb_built=\u00bb1&#8243; admin_label=\u00bbSection\u00bb _builder_version=\u00bb4.20.4&#8243; _module_preset=\u00bbdefault\u00bb use_background_color_gradient=\u00bbon\u00bb background_color_gradient_stops=\u00bbrgba(0,0,0,0.27) 0%|#000000 100%\u00bb background_color_gradient_overlays_image=\u00bbon\u00bb background_image=\u00bbhttps:\/\/sistemasperuweb.com\/iguanalodgeperu\/wp-content\/uploads\/2023\/03\/BE439493-8EF8-4B96-BAAA-1296AD842F28_1_105_c.jpeg\u00bb parallax=\u00bbon\u00bb parallax_method=\u00bboff\u00bb custom_padding=\u00bb20vh||20vh||true|false\u00bb da_disable_devices=\u00bboff|off|off\u00bb global_colors_info=\u00bb{}\u00bb da_is_popup=\u00bboff\u00bb da_exit_intent=\u00bboff\u00bb da_has_close=\u00bbon\u00bb da_alt_close=\u00bboff\u00bb da_dark_close=\u00bboff\u00bb da_not_modal=\u00bbon\u00bb da_is_singular=\u00bboff\u00bb da_with_loader=\u00bboff\u00bb da_has_shadow=\u00bbon\u00bb][et_pb_row column_structure=\u00bb1_2,1_2&#8243; _builder_version=\u00bb4.20.2&#8243; _module_preset=\u00bbdefault\u00bb global_colors_info=\u00bb{}\u00bb][et_pb_column type=\u00bb1_2&#8243; _builder_version=\u00bb4.20.2&#8243; _module_preset=\u00bbdefault\u00bb global_colors_info=\u00bb{}\u00bb][et_pb_text _builder_version=\u00bb4.20.4&#8243; _module_preset=\u00bbdefault\u00bb header_2_font=\u00bbAkshar||||||||\u00bb header_2_text_align=\u00bbcenter\u00bb header_2_text_color=\u00bb#FFFFFF\u00bb header_2_font_size=\u00bb3.4rem\u00bb header_2_letter_spacing=\u00bb10px\u00bb text_orientation=\u00bbright\u00bb global_colors_info=\u00bb{}\u00bb]<\/p>\n<h2>MISI\u00d3N<\/h2>\n<p>[\/et_pb_text][et_pb_text _builder_version=\u00bb4.20.4&#8243; _module_preset=\u00bbdefault\u00bb text_font=\u00bbFutura Ecolodge||||||||\u00bb text_text_color=\u00bb#FFFFFF\u00bb header_2_font_size=\u00bb3.4rem\u00bb global_colors_info=\u00bb{}\u00bb]<\/p>\n<p>Crear experiencias \u00fanicas en cada pasajero promoviendo el desarrollo econ\u00f3mico, social y ambiental de las comunidades que nos apoyan.<\/p>\n<p>[\/et_pb_text][\/et_pb_column][et_pb_column type=\u00bb1_2&#8243; _builder_version=\u00bb4.20.2&#8243; _module_preset=\u00bbdefault\u00bb global_colors_info=\u00bb{}\u00bb][et_pb_text _builder_version=\u00bb4.20.4&#8243; _module_preset=\u00bbdefault\u00bb header_2_font=\u00bbAkshar||||||||\u00bb header_2_text_align=\u00bbcenter\u00bb header_2_text_color=\u00bb#FFFFFF\u00bb header_2_font_size=\u00bb3.4rem\u00bb header_2_letter_spacing=\u00bb10px\u00bb global_colors_info=\u00bb{}\u00bb]<\/p>\n<h2>VISI\u00d3N<\/h2>\n<p>[\/et_pb_text][et_pb_text _builder_version=\u00bb4.20.4&#8243; _module_preset=\u00bbdefault\u00bb text_font=\u00bbFutura Ecolodge||||||||\u00bb text_text_color=\u00bb#FFFFFF\u00bb header_2_font_size=\u00bb3.4rem\u00bb global_colors_info=\u00bb{}\u00bb]<\/p>\n<p>Posicionarnos como empresa l\u00edder en el sector creando v\u00ednculos entre el entorno que nos rodea, nosotros y nuestros pasajeros. A la vez, establecer a la Amazon\u00eda Peruana como uno de los principales destinos tur\u00edsticos en Latinoam\u00e9rica.<\/p>\n<p>[\/et_pb_text][\/et_pb_column][\/et_pb_row][\/et_pb_section][et_pb_section fb_built=\u00bb1&#8243; admin_label=\u00bbSection\u00bb _builder_version=\u00bb4.20.4&#8243; _module_preset=\u00bbdefault\u00bb background_color=\u00bb#FFFFFF\u00bb da_disable_devices=\u00bboff|off|off\u00bb global_colors_info=\u00bb{}\u00bb da_is_popup=\u00bboff\u00bb da_exit_intent=\u00bboff\u00bb da_has_close=\u00bbon\u00bb da_alt_close=\u00bboff\u00bb da_dark_close=\u00bboff\u00bb da_not_modal=\u00bbon\u00bb da_is_singular=\u00bboff\u00bb da_with_loader=\u00bboff\u00bb da_has_shadow=\u00bbon\u00bb][et_pb_row column_structure=\u00bb1_2,1_2&#8243; make_equal=\u00bbon\u00bb _builder_version=\u00bb4.20.4&#8243; _module_preset=\u00bbdefault\u00bb max_width=\u00bb900px\u00bb global_colors_info=\u00bb{}\u00bb][et_pb_column type=\u00bb1_2&#8243; _builder_version=\u00bb4.20.2&#8243; _module_preset=\u00bbdefault\u00bb global_colors_info=\u00bb{}\u00bb][et_pb_image src=\u00bbhttps:\/\/sistemasperuweb.com\/iguanalodgeperu\/wp-content\/uploads\/2023\/03\/B9E6A264-F3D5-405A-96CA-EC3EBE04131E_1_105_c.jpeg\u00bb title_text=\u00bbProcessed with VSCO with l5 preset\u00bb align=\u00bbright\u00bb disabled_on=\u00bbon|on|off\u00bb _builder_version=\u00bb4.20.4&#8243; _module_preset=\u00bbdefault\u00bb positioning=\u00bbabsolute\u00bb vertical_offset=\u00bb-55px\u00bb horizontal_offset=\u00bb150px\u00bb width=\u00bb100%\u00bb filter_opacity=\u00bb19%\u00bb animation_style=\u00bbfade\u00bb animation_direction=\u00bbbottom\u00bb global_colors_info=\u00bb{}\u00bb][\/et_pb_image][et_pb_image src=\u00bbhttps:\/\/sistemasperuweb.com\/iguanalodgeperu\/wp-content\/uploads\/2023\/03\/8B76FEB0-5825-4F9B-A899-87D05062561D_1_105_c.jpeg\u00bb title_text=\u00bbProcessed with VSCO with l6 preset\u00bb align=\u00bbright\u00bb _builder_version=\u00bb4.20.4&#8243; _module_preset=\u00bbdefault\u00bb animation_style=\u00bbslide\u00bb animation_direction=\u00bbbottom\u00bb animation_intensity_slide=\u00bb10%\u00bb global_colors_info=\u00bb{}\u00bb][\/et_pb_image][\/et_pb_column][et_pb_column type=\u00bb1_2&#8243; _builder_version=\u00bb4.20.2&#8243; _module_preset=\u00bbdefault\u00bb global_colors_info=\u00bb{}\u00bb][et_pb_text _builder_version=\u00bb4.20.4&#8243; _module_preset=\u00bbdefault\u00bb header_2_font=\u00bbAkshar||||||||\u00bb header_2_font_size=\u00bb3.2rem\u00bb header_2_letter_spacing=\u00bb10px\u00bb custom_margin_tablet=\u00bb\u00bb custom_margin_phone=\u00bb10px||||false|false\u00bb custom_margin_last_edited=\u00bbon|tablet\u00bb global_colors_info=\u00bb{}\u00bb]<\/p>\n<h2>UBICACI\u00d3N<\/h2>\n<p>[\/et_pb_text][et_pb_text _builder_version=\u00bb4.20.2&#8243; _module_preset=\u00bbdefault\u00bb text_font=\u00bbFutura Ecolodge||||||||\u00bb header_2_font_size=\u00bb3.4rem\u00bb global_colors_info=\u00bb{}\u00bb]<\/p>\n<p>Estamos ubicados a 30 km del puerto de Bellavista \u2013 Nanay en la ciudad de Iquitos, capital de la Amazon\u00eda Peruana. El acceso a la ciudad de Iquitos puede ser fluvial desde Pucallpa; o a\u00e9reo desde Lima, Cusco, Tarapoto y Pucallpa. El acceso al albergue durante la temporada de lluvias es \u00fanicamente en bote, es un viaje de aproximadamente 60 minutos. Mientras que, en temporada de sequ\u00eda, el viaje en bote se reduce a 50 minutos y se a\u00f1ade una caminata de 20 minutos aproximadamente.<\/p>\n<p>[\/et_pb_text][\/et_pb_column][\/et_pb_row][\/et_pb_section][et_pb_section fb_built=\u00bb1&#8243; admin_label=\u00bbSection\u00bb _builder_version=\u00bb4.20.4&#8243; _module_preset=\u00bbdefault\u00bb background_enable_color=\u00bboff\u00bb use_background_color_gradient=\u00bbon\u00bb background_color_gradient_stops=\u00bbrgba(0,0,0,0.27) 0%|#000000 100%\u00bb background_color_gradient_overlays_image=\u00bbon\u00bb background_image=\u00bbhttps:\/\/sistemasperuweb.com\/iguanalodgeperu\/wp-content\/uploads\/2023\/03\/sunset-over-river-in-amazon-jungle-of-peru-tambop-2022-03-08-19-04-31-utc-scaled.jpg\u00bb parallax=\u00bbon\u00bb parallax_method=\u00bboff\u00bb background_enable_video_mp4=\u00bboff\u00bb background_video_pause_outside_viewport=\u00bboff\u00bb da_disable_devices=\u00bboff|off|off\u00bb global_colors_info=\u00bb{%22gcid-0b769363-a730-43c3-b2f7-c8e03f781110%22:%91%22background_color%22%93}\u00bb da_is_popup=\u00bboff\u00bb da_exit_intent=\u00bboff\u00bb da_has_close=\u00bbon\u00bb da_alt_close=\u00bboff\u00bb da_dark_close=\u00bboff\u00bb da_not_modal=\u00bbon\u00bb da_is_singular=\u00bboff\u00bb da_with_loader=\u00bboff\u00bb da_has_shadow=\u00bbon\u00bb][et_pb_row column_structure=\u00bb1_2,1_2&#8243; make_equal=\u00bbon\u00bb _builder_version=\u00bb4.20.4&#8243; _module_preset=\u00bbdefault\u00bb max_width=\u00bb900px\u00bb global_colors_info=\u00bb{}\u00bb][et_pb_column type=\u00bb1_2&#8243; _builder_version=\u00bb4.20.2&#8243; _module_preset=\u00bbdefault\u00bb global_colors_info=\u00bb{}\u00bb][et_pb_text _builder_version=\u00bb4.20.4&#8243; _module_preset=\u00bbdefault\u00bb header_2_font=\u00bbAkshar||||||||\u00bb header_2_text_color=\u00bb#FFFFFF\u00bb header_2_font_size=\u00bb3.4rem\u00bb header_2_letter_spacing=\u00bb10px\u00bb global_colors_info=\u00bb{}\u00bb]<\/p>\n<h2>EL LODGE<\/h2>\n<p>[\/et_pb_text][\/et_pb_column][et_pb_column type=\u00bb1_2&#8243; _builder_version=\u00bb4.20.2&#8243; _module_preset=\u00bbdefault\u00bb global_colors_info=\u00bb{}\u00bb][et_pb_text _builder_version=\u00bb4.20.4&#8243; _module_preset=\u00bbdefault\u00bb text_font=\u00bbFutura Ecolodge||||||||\u00bb text_text_color=\u00bb#FFFFFF\u00bb header_2_font_size=\u00bb3.4rem\u00bb z_index=\u00bb9999&#8243; width=\u00bb100%\u00bb global_colors_info=\u00bb{}\u00bb]<\/p>\n<p>El albergue est\u00e1 construido con materiales propios de la zona, respetando la naturaleza, el ecosistema y la comunidad a la que pertenecemos. La edificaci\u00f3n se levanta a m\u00e1s de 3 metros de altura del suelo debido al elevado caudal del r\u00edo Amazonas durante la temporada de lluvias.<\/p>\n<p>[\/et_pb_text][\/et_pb_column][\/et_pb_row][\/et_pb_section][et_pb_section fb_built=\u00bb1&#8243; admin_label=\u00bbSection\u00bb _builder_version=\u00bb4.20.4&#8243; _module_preset=\u00bbdefault\u00bb background_color=\u00bb#FFFFFF\u00bb custom_padding=\u00bb||||false|false\u00bb da_disable_devices=\u00bboff|off|off\u00bb global_colors_info=\u00bb{}\u00bb da_is_popup=\u00bboff\u00bb da_exit_intent=\u00bboff\u00bb da_has_close=\u00bbon\u00bb da_alt_close=\u00bboff\u00bb da_dark_close=\u00bboff\u00bb da_not_modal=\u00bbon\u00bb da_is_singular=\u00bboff\u00bb da_with_loader=\u00bboff\u00bb da_has_shadow=\u00bbon\u00bb][et_pb_row _builder_version=\u00bb4.20.4&#8243; _module_preset=\u00bbdefault\u00bb background_color=\u00bb#FFFFFF\u00bb custom_padding=\u00bb||||false|true\u00bb global_colors_info=\u00bb{}\u00bb][et_pb_column type=\u00bb4_4&#8243; _builder_version=\u00bb4.20.2&#8243; _module_preset=\u00bbdefault\u00bb global_colors_info=\u00bb{}\u00bb][et_pb_text _builder_version=\u00bb4.20.4&#8243; _module_preset=\u00bbdefault\u00bb header_2_font=\u00bbAkshar||||||||\u00bb header_2_text_align=\u00bbcenter\u00bb header_2_font_size=\u00bb3.4rem\u00bb global_colors_info=\u00bb{}\u00bb]<\/p>\n<h2>GALER\u00cdA<\/h2>\n<p>[\/et_pb_text][dsm_image_carousel gallery_ids=\u00bb177,176,175,174,173,172,171,170,169,168,167&#8243; sizes=\u00bbet-pb-portfolio-module-image\u00bb slide_to_show=\u00bb3&#8243; space_between=\u00bb30&#8243; dots=\u00bboff\u00bb show_lightbox=\u00bbon\u00bb show_lightbox_gallery=\u00bbon\u00bb arrow_color=\u00bb#FFFFFF\u00bb arrow_background_color=\u00bb#596d27&#8243; module_class=\u00bbboton-redondeo\u00bb _builder_version=\u00bb4.20.4&#8243; _module_preset=\u00bbdefault\u00bb border_radii_image=\u00bbon|10px|10px|10px|10px\u00bb global_colors_info=\u00bb{}\u00bb][\/dsm_image_carousel][\/et_pb_column][\/et_pb_row][\/et_pb_section]<\/p>\n","protected":false},"excerpt":{"rendered":"<p>LIVE THE EXPERIENCETe damos la bienvenida aBE THE EXPERIENCENOSOTROSSomos una empresa familiar constituida a fines del 2016 que empez\u00f3 operaciones a mediados del 2018. Decidimos invertir en Iquitos porque encontramos en la Amazonia la conexi\u00f3n con la Madre Tierra que nos faltaba para complementarnos. &nbsp; CONOCER SOBRE EL ECOLODGEMISI\u00d3NCrear experiencias \u00fanicas en cada pasajero promoviendo [&hellip;]<\/p>\n","protected":false},"author":1,"featured_media":0,"parent":0,"menu_order":0,"comment_status":"closed","ping_status":"closed","template":"","meta":{"_et_pb_use_builder":"on","_et_pb_old_content":"<!-- wp:divi\/placeholder \/-->","_et_gb_content_width":"","inline_featured_image":false,"footnotes":""},"class_list":["post-21","page","type-page","status-publish","hentry"],"_links":{"self":[{"href":"https:\/\/sistemasperuweb.com\/iguanalodgeperu\/wp-json\/wp\/v2\/pages\/21","targetHints":{"allow":["GET"]}}],"collection":[{"href":"https:\/\/sistemasperuweb.com\/iguanalodgeperu\/wp-json\/wp\/v2\/pages"}],"about":[{"href":"https:\/\/sistemasperuweb.com\/iguanalodgeperu\/wp-json\/wp\/v2\/types\/page"}],"author":[{"embeddable":true,"href":"https:\/\/sistemasperuweb.com\/iguanalodgeperu\/wp-json\/wp\/v2\/users\/1"}],"replies":[{"embeddable":true,"href":"https:\/\/sistemasperuweb.com\/iguanalodgeperu\/wp-json\/wp\/v2\/comments?post=21"}],"version-history":[{"count":124,"href":"https:\/\/sistemasperuweb.com\/iguanalodgeperu\/wp-json\/wp\/v2\/pages\/21\/revisions"}],"predecessor-version":[{"id":1059,"href":"https:\/\/sistemasperuweb.com\/iguanalodgeperu\/wp-json\/wp\/v2\/pages\/21\/revisions\/1059"}],"wp:attachment":[{"href":"https:\/\/sistemasperuweb.com\/iguanalodgeperu\/wp-json\/wp\/v2\/media?parent=21"}],"curies":[{"name":"wp","href":"https:\/\/api.w.org\/{rel}","templated":true}]}}